{"id":283,"date":"2019-04-28T22:23:02","date_gmt":"2019-04-28T20:23:02","guid":{"rendered":"https:\/\/samat.pl\/?page_id=283"},"modified":"2026-03-25T10:24:26","modified_gmt":"2026-03-25T09:24:26","slug":"rodo-4","status":"publish","type":"page","link":"https:\/\/samat.pl\/de\/rodo-4\/","title":{"rendered":"DSGVO"},"content":{"rendered":"<section class=\"l-section wpb_row height_medium with_img\"><div class=\"l-section-img\" role=\"img\" aria-label=\"Bild\" data-img-width=\"1400\" data-img-height=\"800\" style=\"background-image: url(https:\/\/samat.pl\/wp-content\/uploads\/2017\/03\/tlo4.jpg);\"><\/div><div class=\"l-section-h i-cf\"><div class=\"g-cols vc_row via_flex valign_top type_default stacking_default\"><div class=\"vc_col-sm-12 wpb_column vc_column_container\"><div class=\"vc_column-inner us_custom_00b144ef\"><div class=\"wpb_wrapper\"><div class=\"w-separator size_medium with_line width_default thick_1 style_solid color_border align_center\"><div class=\"w-separator-h\"><\/div><\/div><div class=\"wpb_text_column us_custom_96b5fb7a\"><div class=\"wpb_wrapper\"><h2><strong>Grundlegende Informationsklausel<\/strong><\/h2>\n<p>Anwendung: Erhebung von personenbezogenen Daten direkt vom Datengegenstand \/ indirekt aus anderen Quellen. Aufgrund des Artikels 13 der Datenschutz-Grundverordnung (DSGVO) vom 27. \u00a0April 2016 (Verordnung der Europ\u00e4ischen Union119 vom 04. Mai 2016) informiere ich hiermit wie folgt:<\/p>\n<p>1. Der Administrator Ihrer personenbezogenen Daten ist die Firma Samat Poland sp. z o.o. mit dem Sitz in Krak\u00f3w, Opole Stra\u00dfe18, 31-323 Krak\u00f3w<br \/>\n2. Die personenbezogenen Daten des Datengegenstandes werden aufgrund der nachstehenden Bedingungen bearbeitet:<br \/>\na) zur Erf\u00fcllung des geschlossenen Vertrages(DSGVO Art. 6. Absatz 1. Buchstabe b)<br \/>\nb) im Zusammenhang mit der gef\u00fchrten Rekrutierung und zuk\u00fcnftigen Rekrutierungsprozessen<br \/>\n(Es sei denn, dass daf\u00fcr die Erlaubnis erteilt wurde, wenn der Administrator dies erfordert).<br \/>\nc) zur Wahrung der berechtigten Interessendes Administrators (DSGVO Art. 6. Absatz 1. Buchstabe f)<br \/>\n3. Die personenbezo\u00adgenen Daten des Datengegenstandes werden nur den berechtigten Tr\u00e4ger aufgrund des geschlossenen Vertrages\u00a0 oder <em>allgemein geltendes Recht<\/em>zur Verf\u00fcgung gestellt.<br \/>\n4. Die personenbezo\u00adgenen Daten des Datengegenstandes werden an ein Drittland au\u00dferhalb der\u00a0EUoder eine internationale Organisation nicht \u00fcbermittelt.<br \/>\n5. Ihre personenbezogenen Daten hat der Administrator bekommen \/ gesammelt:<br \/>\n6. Die Daten des Datengegenstandes werden innerhalb der gesetzlichen Frist des geltenden\u00a0Rechts\u00a0und besonders innerhalb der gesetzlichen\u00a0Verj\u00e4hrungsfristen hinsichtlich eventueller k\u00fcnftiger Anspr\u00fcche aufbewahrt und im Falle der Zustimmung f\u00fcr\u00a0die\u00a0Dauerdes\u00a0Zeitraums, f\u00fcr\u00a0den\u00a0sie\u00a0erteilt\u00a0wurde.<br \/>\n7. Sie haben das Recht:<br \/>\na) auf Zugang zu seinen Daten,<br \/>\nb) auf Berichtigung von seinen Daten,<br \/>\nc) auf \u00dcbertragung von seinen Daten,<br \/>\nd) L\u00f6schung oder Verarbeitung von seinen Daten,<br \/>\ne) Beschwerde bei einer Aufsichtsbeh\u00f6rde d.h. beim Pr\u00e4sidenten des Amtes f\u00fcr den Schutz personenbezogener Daten einzulegen.<br \/>\n8. Sie haben jederzeit das Widerspruchsrecht gegen die Verarbeitung Ihrer Daten aus Gr\u00fcnden, die im Zusammenhang mit der besonderen Situation von Ihnen verbunden sind, es sei denn, die Daten im Zusammenhang mit der Durchf\u00fchrung des berechtigten Interesses des Administrators oder f\u00fcr Marketingzwecke verarbeitet werden.<br \/>\n9. Sie haben jederzeit \u00a0das Widerrufsrecht bez\u00fcglich der Zustimmung ohne Einfluss auf die Einhaltung des Verarbeitungsgesetzes, die aufgrund der Zustimmung vor dem Wiederruf durchgef\u00fchrt wurde. 10. Die Bereitstellung der personenbezogenen Daten durch Sie:<br \/>\na) ist obligatorisch f\u00fcr eine vertragliche oder gesetzliche Verpflichtung (Stra\u00dfenverkehrsgesetz).<br \/>\nb) ist freiwillig, jedoch Verweigerung der Bereitstellung der personenbezogenen Daten wird den Vertragsabschluss verhindern.<br \/>\n11. Der Administrator wird aufgrund der Daten kein Profiling durchf\u00fchren.<\/p>\n<\/div><\/div><div class=\"w-separator size_medium with_line width_default thick_1 style_solid color_border align_center\"><div class=\"w-separator-h\"><\/div><\/div><\/div><\/div><\/div><\/div><\/div><\/section>\n","protected":false},"excerpt":{"rendered":"Grundlegende Informationsklausel Anwendung: Erhebung von personenbezogenen Daten direkt vom Datengegenstand \/ indirekt aus anderen Quellen. Aufgrund des Artikels 13 der Datenschutz-Grundverordnung (DSGVO) vom 27. \u00a0April 2016 (Verordnung der Europ\u00e4ischen Union119 vom 04. Mai 2016) informiere ich hiermit wie folgt: 1. Der Administrator Ihrer personenbezogenen Daten ist die Firma Samat Poland sp. z o.o. mit dem...","protected":false},"author":1,"featured_media":0,"parent":0,"menu_order":0,"comment_status":"closed","ping_status":"closed","template":"","meta":{"footnotes":""},"class_list":["post-283","page","type-page","status-publish","hentry"],"_links":{"self":[{"href":"https:\/\/samat.pl\/de\/wp-json\/wp\/v2\/pages\/283","targetHints":{"allow":["GET"]}}],"collection":[{"href":"https:\/\/samat.pl\/de\/wp-json\/wp\/v2\/pages"}],"about":[{"href":"https:\/\/samat.pl\/de\/wp-json\/wp\/v2\/types\/page"}],"author":[{"embeddable":true,"href":"https:\/\/samat.pl\/de\/wp-json\/wp\/v2\/users\/1"}],"replies":[{"embeddable":true,"href":"https:\/\/samat.pl\/de\/wp-json\/wp\/v2\/comments?post=283"}],"version-history":[{"count":14,"href":"https:\/\/samat.pl\/de\/wp-json\/wp\/v2\/pages\/283\/revisions"}],"predecessor-version":[{"id":575,"href":"https:\/\/samat.pl\/de\/wp-json\/wp\/v2\/pages\/283\/revisions\/575"}],"wp:attachment":[{"href":"https:\/\/samat.pl\/de\/wp-json\/wp\/v2\/media?parent=283"}],"curies":[{"name":"wp","href":"https:\/\/api.w.org\/{rel}","templated":true}]}}